
{"id":4338,"date":"2026-04-13T13:45:12","date_gmt":"2026-04-13T12:45:12","guid":{"rendered":"https:\/\/julaine.de\/startseite\/?page_id=4338"},"modified":"2026-04-13T13:45:12","modified_gmt":"2026-04-13T12:45:12","slug":"vertrag-widerrufen","status":"publish","type":"page","link":"https:\/\/julaine.de\/startseite\/vertrag-widerrufen\/","title":{"rendered":"Vertrag widerrufen"},"content":{"rendered":"<form class=\"woocommerce-form woocommerce-form-order-withdrawal-request order-withdrawal-request\" method=\"post\">\n\t\n\t<div class=\"eu-owb-notice-wrapper\"><\/div>\n\n\t<div class=\"eu-owb-form-fields\">\n\t\t\t\t\t<div class=\"form-row form-row-first\">\n\t\t\t\t<label for=\"order-withdrawal-request-order-number\">Bestellnummer<\/label>\n\t\t\t\t<input type=\"text\" class=\"input-text\" name=\"order_number\" id=\"order-withdrawal-request-order-number\" autocomplete=\"off\" \/>\n\t\t\t<\/div>\n\n\t\t\t<div class=\"form-row form-row-last\">\n\t\t\t\t<label for=\"order-withdrawal-request-email\">E-Mail&nbsp;<span class=\"required\">*<\/span><\/label>\n\t\t\t\t<input type=\"text\" class=\"input-text\" name=\"email\" id=\"order-withdrawal-request-email\" autocomplete=\"email\" \/>\n\t\t\t<\/div>\n\n\t\t\t<div class=\"form-row form-row-first\">\n\t\t\t\t<label for=\"order-withdrawal-request-first-name\">Vorname<\/label>\n\t\t\t\t<input type=\"text\" class=\"input-text\" name=\"first_name\" id=\"order-withdrawal-request-first-name\" autocomplete=\"off\" \/>\n\t\t\t<\/div>\n\n\t\t\t<div class=\"form-row form-row-last\">\n\t\t\t\t<label for=\"order-withdrawal-request-last-name\">Nachname<\/label>\n\t\t\t\t<input type=\"text\" class=\"input-text\" name=\"last_name\" id=\"order-withdrawal-request-last-name\" autocomplete=\"off\" \/>\n\t\t\t<\/div>\n\n\t\t\t<div class=\"clear\"><\/div>\n\n\t\t\t\t\t\t\t<div class=\"order-supports-partial-withdrawal hidden\">\n\t\t\t\t\t<div class=\"form-row form-row-full\">\n\t\t\t\t\t\t<label class=\"woocommerce-form__label woocommerce-form__label-for-checkbox checkbox\" for=\"manually-select-items\">\n\t\t\t\t\t\t\t<input type=\"checkbox\" class=\"woocommerce-form__input woocommerce-form__input-checkbox input-checkbox\" name=\"manually_select_items\"  id=\"manually-select-items\" \/>\n\t\t\t\t\t\t\t<span class=\"eu-owb-woocommerce-select-certain-items-text\">Ich m\u00f6chte bestimmte Positionen f\u00fcr den Widerruf ausw\u00e4hlen.<\/span>\n\t\t\t\t\t\t\t<span class=\"notice eu-owb-woocommerce-select-certain-items-desc\">Du erh\u00e4ltst eine E-Mail-Best\u00e4tigung \u00fcber den Eingang des Widerrufs. In dieser E-Mail findest du einen Link, \u00fcber den du die Artikel f\u00fcr den Widerruf ausw\u00e4hlen kannst.<\/span>\n\t\t\t\t\t\t<\/label>\n\t\t\t\t\t<\/div>\n\t\t\t\t<\/div>\n\t\t\t\n\t\t\t\t\t\t\t<\/div>\n\n\t\n\t\t\t<div class=\"form-row form-row-submit\">\n\t\t\t<input type=\"hidden\" id=\"_wpnonce\" name=\"_wpnonce\" value=\"963b6eff05\" \/><input type=\"hidden\" name=\"_wp_http_referer\" value=\"\/startseite\/wp-json\/wp\/v2\/pages\/4338\" \/>\t\t\t<button type=\"submit\" class=\"woocommerce-button button woocommerce-form-return_request__submit\" name=\"order_withdrawal_request\" value=\"Widerruf best\u00e4tigen\">Widerruf best\u00e4tigen<\/button>\n\t\t<\/div>\n\t\n\t<div class=\"clear\"><\/div>\n\t<\/form>\n\n","protected":false},"excerpt":{"rendered":"","protected":false},"author":1,"featured_media":0,"parent":0,"menu_order":0,"comment_status":"closed","ping_status":"closed","template":"","meta":{"footnotes":""},"class_list":["post-4338","page","type-page","status-publish","hentry"],"_links":{"self":[{"href":"https:\/\/julaine.de\/startseite\/wp-json\/wp\/v2\/pages\/4338","targetHints":{"allow":["GET"]}}],"collection":[{"href":"https:\/\/julaine.de\/startseite\/wp-json\/wp\/v2\/pages"}],"about":[{"href":"https:\/\/julaine.de\/startseite\/wp-json\/wp\/v2\/types\/page"}],"author":[{"embeddable":true,"href":"https:\/\/julaine.de\/startseite\/wp-json\/wp\/v2\/users\/1"}],"replies":[{"embeddable":true,"href":"https:\/\/julaine.de\/startseite\/wp-json\/wp\/v2\/comments?post=4338"}],"version-history":[{"count":1,"href":"https:\/\/julaine.de\/startseite\/wp-json\/wp\/v2\/pages\/4338\/revisions"}],"predecessor-version":[{"id":4339,"href":"https:\/\/julaine.de\/startseite\/wp-json\/wp\/v2\/pages\/4338\/revisions\/4339"}],"wp:attachment":[{"href":"https:\/\/julaine.de\/startseite\/wp-json\/wp\/v2\/media?parent=4338"}],"curies":[{"name":"wp","href":"https:\/\/api.w.org\/{rel}","templated":true}]}}